{"id":5426,"date":"2016-08-06T09:43:36","date_gmt":"2016-08-06T09:43:36","guid":{"rendered":"http:\/\/optimal.ee\/kontakt-2\/"},"modified":"2024-12-18T08:38:30","modified_gmt":"2024-12-18T08:38:30","slug":"kontakt-2","status":"publish","type":"page","link":"https:\/\/optimal.ee\/en\/kontakt-2\/","title":{"rendered":"Kontakt"},"content":{"rendered":"<div id=\"themify_builder_content-5426\" data-postid=\"5426\" class=\"themify_builder_content themify_builder_content-5426 themify_builder\">\n\n    \t\n\t\t<!-- module_row -->\n\t\t\t<div  class=\"themify_builder_row module_row clearfix module_row_0 themify_builder_5426_row module_row_5426-0\">\n\t\t\t\t                                <div class=\"row_inner \" >\n\n                                    \n\t\t<div  class=\"tb-column col-full first module_column tb_5426_column module_column_0 module_column_5426-0-0\" >\n                                                                <div class=\"tb-column-inner\">\n                            \t\t<div class=\"themify_builder_sub_row module_subrow clearfix sub_row_0-0-0\">\n\t\t                    <div class=\"subrow_inner \" >\n                                       <div  class=\"col4-1 sub_column module_column first sub_column_post_5426 sub_column_0-0-0-0\"> \n                                                              <div class=\"tb-column-inner\">\n                            \n\n<!-- module text -->\n<div  id=\"text-5426-sub_row_0-0-0-0-0\" class=\"module module-text text-5426-sub_row_0-0-0-0-0  repeat \">\n    \n    <h3 class=\"module-title\">TALLINN<\/h3>\n<p>Optimal Kindlustusmaakler O\u00dc<\/p>\n<p>Laki p\u00f5ik 4-315, Tallinn, 12919<\/p>\n<p><span class=\"email_optimal_icon\"><a href=\"mailto:kindlustus@optimal.ee\">kindlustus (\u00e4t) optimal.ee<\/a><\/span><\/p>\n<p><span class=\"mobile_optimal_icon\">+372 656 2828<\/span><\/p>\n<p><span class=\"mobile_optimal_icon\">+372 514 1071<\/span><\/p>\n<p>Registrikood: 10724710<\/p>\n<p>IBAN: EE712200221016231820 Swedbank<\/p>\n<p>SWIFT\/BIC: HABAEE2X<\/p><\/div>\n<!-- \/module text -->\n                        <\/div>\n                                   <\/div>\n\t\t               <div  class=\"col4-1 sub_column module_column second sub_column_post_5426 sub_column_0-0-0-1\"> \n                                                              <div class=\"tb-column-inner\">\n                            \n\n<!-- module text -->\n<div  id=\"text-5426-sub_row_0-0-0-1-0\" class=\"module module-text text-5426-sub_row_0-0-0-1-0  repeat \">\n    \n    <div id=\"text-2362-0-1-1\" class=\"module module-text text-2362-0-1-1 \">\n<h3 class=\"module-title\">TARTU<\/h3>\n<p>Optimal Kindlustusmaakler O\u00dc<\/p>\n<p><span class=\"email_optimal_icon\"><a href=\"mailto:kindlustus@optimal.ee\">tartu (\u00e4t) optimal.ee<\/a><\/span><\/p>\n<p><span class=\"mobile_optimal_icon\">\u00a0+372 656 2828<\/span><\/p>\n<\/div><\/div>\n<!-- \/module text -->\n                        <\/div>\n                                   <\/div>\n\t\t               <div  class=\"col4-1 sub_column module_column third sub_column_post_5426 sub_column_0-0-0-2\"> \n                                                              <div class=\"tb-column-inner\">\n                            \n\n<!-- module text -->\n<div  id=\"text-5426-sub_row_0-0-0-2-0\" class=\"module module-text text-5426-sub_row_0-0-0-2-0   \">\n    \n    <div id=\"text-2362-0-2-1\" class=\"module module-text text-2362-0-2-1   \"><h3 class=\"module-title\">M\u00c4RJAMAA<\/h3><p>Optimal Kindlustusmaakler O\u00dc<\/p><p><a href=\"mailto:annika@optimal.ee\">marjamaa (\u00e4t) optimal.ee<\/a><p><span class=\"mobile_optimal_icon\">+372 5615 6112<\/span><\/p><\/div><\/div>\n<!-- \/module text -->\n                        <\/div>\n                                   <\/div>\n\t\t               <div  class=\"col4-1 sub_column module_column last sub_column_post_5426 sub_column_0-0-0-3\"> \n                                                              <div class=\"tb-column-inner\">\n                            \n\n<!-- module text -->\n<div  id=\"text-5426-sub_row_0-0-0-3-0\" class=\"module module-text text-5426-sub_row_0-0-0-3-0  repeat \">\n    \n    <div id=\"text-2362-0-3-1\" class=\"module module-text text-2362-0-3-1 \">\n<h3 class=\"module-title\">SAAREMAA<\/h3>\n<p>Optimal Kindlustusmaakler O\u00dc<\/p>\n<p><a href=\"mailto:kindlustus@optimal.ee\">saaremaa (\u00e4t) optimal.ee<\/a><\/p>\n<p>+372 656 2828<\/p>\n<\/div><\/div>\n<!-- \/module text -->\n                        <\/div>\n                                   <\/div>\n\t\t                    <\/div>\n                <\/div><!-- \/themify_builder_sub_row -->\n                                        <\/div>\n                    \t\t<\/div>\n\t\t<!-- \/.tb-column -->\n\t\t\n\t\t\n                                <\/div>\n                                <!-- \/row_inner -->\n                        <\/div>\n                        <!-- \/module_row -->\n\t\t\t\n\t\t<!-- module_row -->\n\t\t\t<div  class=\"themify_builder_row module_row clearfix module_row_1 themify_builder_5426_row module_row_5426-1\">\n\t\t\t\t                                <div class=\"row_inner \" >\n\n                                    \n\t\t<div  class=\"tb-column col-full first module_column tb_5426_column module_column_0 module_column_5426-1-0\" >\n                                                                <div class=\"tb-column-inner\">\n                            \t\t<div class=\"themify_builder_sub_row module_subrow clearfix sub_row_1-0-0\">\n\t\t                    <div class=\"subrow_inner \" >\n                                       <div  class=\"col-full sub_column module_column first sub_column_post_5426 sub_column_1-0-0-0\"> \n                                                              <div class=\"tb-column-inner\">\n                            \n\n<!-- module text -->\n<div  id=\"text-5426-sub_row_1-0-0-0-0\" class=\"module module-text text-5426-sub_row_1-0-0-0-0  repeat \">\n    \n    <p><strong>MEIE ASUKOHT\u00a0<\/strong><\/p>\n<p>Oleme avatud E-R 9&#8217;00-17&#8217;00<\/p>\n<p><strong>T\u00e4helepanu!<\/strong><\/p>\n<p><strong>Alates 01.10.2024. a asume Laki p\u00f5ik 4-315, Tallinn, 12919, kolmandal korrusel, hoovis on klientidel tasuta parkimisv\u00f5imalus!<\/strong><\/p>\n<p>Optimal Kindlustusmaakler O\u00dc vaata<\/p><\/div>\n<!-- \/module text -->\n                        <\/div>\n                                   <\/div>\n\t\t                    <\/div>\n                <\/div><!-- \/themify_builder_sub_row -->\n                                        <\/div>\n                    \t\t<\/div>\n\t\t<!-- \/.tb-column -->\n\t\t\n\t\t\n                                <\/div>\n                                <!-- \/row_inner -->\n                        <\/div>\n                        <!-- \/module_row -->\n\t\t<\/div>\n","protected":false},"excerpt":{"rendered":"<p>TALLINN Optimal Kindlustusmaakler O\u00dc Laki p\u00f5ik 4-315, Tallinn, 12919 kindlustus (\u00e4t) optimal.ee +372 656 2828 +372 514 1071 Registrikood: 10724710 IBAN: EE712200221016231820 Swedbank SWIFT\/BIC: HABAEE2X TARTU Optimal Kindlustusmaakler O\u00dc tartu (\u00e4t) optimal.ee \u00a0+372 656 2828 M\u00c4RJAMAA Optimal Kindlustusmaakler O\u00dc marjamaa (\u00e4t) optimal.ee +372 5615 6112 SAAREMAA Optimal Kindlustusmaakler O\u00dc saaremaa (\u00e4t) optimal.ee +372 656 2828 [&hellip;]<\/p>\n","protected":false},"author":1,"featured_media":0,"parent":0,"menu_order":0,"comment_status":"closed","ping_status":"closed","template":"","meta":{"footnotes":""},"_links":{"self":[{"href":"https:\/\/optimal.ee\/en\/wp-json\/wp\/v2\/pages\/5426"}],"collection":[{"href":"https:\/\/optimal.ee\/en\/wp-json\/wp\/v2\/pages"}],"about":[{"href":"https:\/\/optimal.ee\/en\/wp-json\/wp\/v2\/types\/page"}],"author":[{"embeddable":true,"href":"https:\/\/optimal.ee\/en\/wp-json\/wp\/v2\/users\/1"}],"replies":[{"embeddable":true,"href":"https:\/\/optimal.ee\/en\/wp-json\/wp\/v2\/comments?post=5426"}],"version-history":[{"count":28,"href":"https:\/\/optimal.ee\/en\/wp-json\/wp\/v2\/pages\/5426\/revisions"}],"predecessor-version":[{"id":6621,"href":"https:\/\/optimal.ee\/en\/wp-json\/wp\/v2\/pages\/5426\/revisions\/6621"}],"wp:attachment":[{"href":"https:\/\/optimal.ee\/en\/wp-json\/wp\/v2\/media?parent=5426"}],"curies":[{"name":"wp","href":"https:\/\/api.w.org\/{rel}","templated":true}]}}